{"id":3,"date":"2024-03-08T21:44:07","date_gmt":"2024-03-09T02:44:07","guid":{"rendered":"https:\/\/mdl.digitalwork.cloud\/?page_id=3"},"modified":"2024-06-04T18:26:32","modified_gmt":"2024-06-04T22:26:32","slug":"politique-de-confidentialite","status":"publish","type":"page","link":"https:\/\/mdl.digitalwork.cloud\/en\/politique-de-confidentialite\/","title":{"rendered":"Politique de confidentialit\u00e9"},"content":{"rendered":"<div data-elementor-type=\"wp-page\" data-elementor-id=\"3\" class=\"elementor elementor-3\" data-elementor-post-type=\"page\">\n\t\t\t\t<div class=\"elementor-element elementor-element-b5d49a8 e-con-full e-flex e-con e-parent\" data-id=\"b5d49a8\" data-element_type=\"container\" data-settings=\"{&quot;_ob_column_hoveranimator&quot;:&quot;no&quot;,&quot;_ob_column_has_pseudo&quot;:&quot;no&quot;}\" data-core-v316-plus=\"true\">\n\t\t\t\t<div data-scroll=\"\" data-scroll-delay=\"0.1\" data-scroll-speed=\"3\" class=\"elementor-element elementor-element-1a4b2b8 elementor-absolute elementor-widget elementor-widget-html\" data-id=\"1a4b2b8\" data-element_type=\"widget\" data-settings=\"{&quot;_position&quot;:&quot;absolute&quot;,&quot;_ob_allow_hoveranimator&quot;:&quot;no&quot;}\" data-widget_type=\"html.default\">\n\t\t\t\t<div class=\"elementor-widget-container\">\n\t\t\t<img decoding=\"async\" class=\"style-svg\" src=\"https:\/\/mdl.digitalwork.cloud\/wp-content\/uploads\/MDL-icon.svg\" \/>\t\t<\/div>\n\t\t\t\t<\/div>\n\t\t<div class=\"elementor-element elementor-element-67dba19 e-flex e-con-boxed e-con e-child\" data-id=\"67dba19\" data-element_type=\"container\" data-settings=\"{&quot;animation&quot;:&quot;none&quot;,&quot;_ob_column_hoveranimator&quot;:&quot;no&quot;,&quot;_ob_column_has_pseudo&quot;:&quot;no&quot;}\">\n\t\t\t\t\t<div class=\"e-con-inner\">\n\t\t<div data-scroll=\"\" data-scroll-repeat=\"\" data-scroll-class=\"fade-in\" class=\"elementor-element elementor-element-398a9e8 will-fade e-flex e-con-boxed e-con e-child\" data-id=\"398a9e8\" data-element_type=\"container\" data-settings=\"{&quot;animation&quot;:&quot;none&quot;,&quot;_ob_column_hoveranimator&quot;:&quot;no&quot;,&quot;_ob_column_has_pseudo&quot;:&quot;no&quot;}\">\n\t\t\t\t\t<div class=\"e-con-inner\">\n\t\t\t\t\t<\/div>\n\t\t\t\t<\/div>\n\t\t\t\t\t<\/div>\n\t\t\t\t<\/div>\n\t\t\t\t<\/div>\n\t\t<div class=\"elementor-element elementor-element-324af1e e-flex e-con-boxed e-con e-parent\" data-id=\"324af1e\" data-element_type=\"container\" data-settings=\"{&quot;_ob_column_hoveranimator&quot;:&quot;no&quot;,&quot;_ob_column_has_pseudo&quot;:&quot;no&quot;}\" data-core-v316-plus=\"true\">\n\t\t\t\t\t<div class=\"e-con-inner\">\n\t\t\t\t<div class=\"elementor-element elementor-element-3938b66 elementor-widget elementor-widget-text-editor\" data-id=\"3938b66\" data-element_type=\"widget\" data-settings=\"{&quot;_ob_allow_hoveranimator&quot;:&quot;no&quot;}\" data-widget_type=\"text-editor.default\">\n\t\t\t\t<div class=\"elementor-widget-container\">\n\t\t\t<style>\/*! elementor - v3.20.0 - 13-03-2024 *\/\n.elementor-widget-text-editor.elementor-drop-cap-view-stacked .elementor-drop-cap{background-color:#69727d;color:#fff}.elementor-widget-text-editor.elementor-drop-cap-view-framed .elementor-drop-cap{color:#69727d;border:3px solid;background-color:transparent}.elementor-widget-text-editor:not(.elementor-drop-cap-view-default) .elementor-drop-cap{margin-top:8px}.elementor-widget-text-editor:not(.elementor-drop-cap-view-default) .elementor-drop-cap-letter{width:1em;height:1em}.elementor-widget-text-editor .elementor-drop-cap{float:left;text-align:center;line-height:1;font-size:50px}.elementor-widget-text-editor .elementor-drop-cap-letter{display:inline-block}<\/style>\t\t\t\t<h3>1) Identification de l\u2019entreprise<\/h3>\n<p>Dans la pr\u00e9sente d\u00e9claration de confidentialit\u00e9, les termes \u00ab nous \u00bb, \u00ab notre \u00bb et \u00ab nos \u00bb<br \/>\nd\u00e9signent MDL \u00c9nergie, de m\u00eame que tous nos bureaux r\u00e9gionaux r\u00e9partis \u00e0 divers<br \/>\nendroits. La pr\u00e9sente d\u00e9claration d\u00e9crit les pratiques de MDL \u00c9nergie concernant le<br \/>\ntraitement des renseignements personnels des visiteurs de notre site Web<br \/>\n(https:\/\/www.mdlenergie.com), le \u00ab site Web \u00bb) et de ceux qui communiquent avec nous<br \/>\npar t\u00e9l\u00e9phone, par Internet, par t\u00e9l\u00e9copieur ou autrement.<\/p>\n<p>L\u2019objectif de cette politique de confidentialit\u00e9 est d\u2019informer les utilisateurs de notre site<br \/>\nwww.mdlenergie.com des donn\u00e9es personnelles que nous recueillons ainsi que de leur<br \/>\nutilisation.<\/p>\n<p>MDL \u00c9nergie se conforme strictement \u00e0 la loi 25 du Qu\u00e9bec en mati\u00e8re de protection<br \/>\ndes donn\u00e9es personnelles.<\/p>\n<p>Cette politique de confidentialit\u00e9 d\u00e9taille \u00e9galement notre engagement et les mesures<br \/>\nprises pour garantir la s\u00e9curit\u00e9 de vos informations personnelles.<\/p>\n<p>&nbsp;<\/p>\n<h3>2) Type de donn\u00e9es personnelles collect\u00e9es<\/h3>\n<p>Lors de votre visite sur <a href=\"https:\/\/www.mdlenergie.com\">https:\/\/www.mdlenergie.com<\/a>, nous collectons automatiquement<br \/>\ndes informations sur votre appareil et votre interaction avec notre site via l\u2019outil Google<br \/>\nAnalytics.<br \/>\nCela inclut les donn\u00e9es suivantes:<\/p>\n<ul>\n<li>Adresse IP<\/li>\n<li>Lieu<\/li>\n<li>D\u00e9tails mat\u00e9riels et logiciels<\/li>\n<li>Contenu que l\u2019utilisateur consulte sur notre site<\/li>\n<li>Liens sur lesquels utilisateur un utilisateur clique en allant sur le site<\/li>\n<\/ul>\n<p>&nbsp;<\/p>\n<p>Donn\u00e9es personnelles r\u00e9colt\u00e9es non automatiquement<br \/>\nVos donn\u00e9es personnelles sont collect\u00e9es via:<\/p>\n<ul>\n<li>Formulaires de demande d\u2019emploi<\/li>\n<li>Formulaires de demande de services<\/li>\n<\/ul>\n<p>&nbsp;<\/p>\n<p>Cela inclut les donn\u00e9es suivantes:<\/p>\n<ul>\n<li>Pr\u00e9nom<\/li>\n<li>Nom<\/li>\n<li>Adresse postale<\/li>\n<li>Courriel<\/li>\n<li>Num\u00e9ro de cellulaire<\/li>\n<\/ul>\n<p>&nbsp;<\/p>\n<h3>3) Utilisation des donn\u00e9es<\/h3>\n<p>Veuillez noter que nous ne collectons que les donn\u00e9es qui nous aident \u00e0 atteindre<br \/>\nl\u2019objectif \u00e9nonc\u00e9 dans cette politique de confidentialit\u00e9. Nous ne recueillerons pas de<br \/>\ndonn\u00e9es suppl\u00e9mentaires sans vous en informer au pr\u00e9alable.<\/p>\n<p>Nous utilisons ces donn\u00e9es pour:<\/p>\n<ul>\n<li>Faire des analyses statistiques pour am\u00e9liorer le site<\/li>\n<li>Faire un suivi d\u2019entrevues via le formulaire de demande d\u2019emploi<\/li>\n<li>Faire un suivi des demandes des clients\/visiteurs du site web<\/li>\n<li>Dans le cadre d\u2019un protocole de s\u00e9curit\u00e9 des donn\u00e9es<\/li>\n<\/ul>\n<p>&nbsp;<\/p>\n<h3>4) Mesures de s\u00e9curit\u00e9<\/h3>\n<p>Vos donn\u00e9es sont stock\u00e9es dans un environnement s\u00e9curis\u00e9 et contr\u00f4l\u00e9.<br \/>\nhttps:\/\/www.mdlenergie.com utilise des protocoles SSL et des mesures de s\u00e9curit\u00e9<br \/>\nrobustes avec double authentification pour pr\u00e9venir tout acc\u00e8s non autoris\u00e9.<\/p>\n<p>Nous nous engageons \u00e0 ne pas vendre ou partager vos donn\u00e9es avec des tiers sauf si<br \/>\nla loi l\u2019exige ou en cas de proc\u00e9dure judiciaire.<\/p>\n<p>Nous pouvons divulguer \u00e0 tout membre de notre organisation les donn\u00e9es utilisateur<br \/>\ndont il a raisonnablement besoin pour r\u00e9aliser les objectifs \u00e9nonc\u00e9s dans la pr\u00e9sente<br \/>\npolitique.<\/p>\n<p>&nbsp;<\/p>\n<h3>6) Dur\u00e9e d\u2019exploitation des donn\u00e9es personnelles<\/h3>\n<p>Nous stockons les donn\u00e9es personnelles pour une dur\u00e9e de 5 ans. Nous veillerons \u00e0 ce<br \/>\nque les utilisateurs soient avis\u00e9s si leurs donn\u00e9es sont conserv\u00e9es plus longtemps que<br \/>\ncette dur\u00e9e. Vous pouvez nous contacter si vous souhaitez apporter des modifications,<br \/>\nsupprimer ou anonymiser vos donn\u00e9es personnelles.<\/p>\n<p>&nbsp;<\/p>\n<h3>7) Gestion des incidents de s\u00e9curit\u00e9<\/h3>\n<p>En cas de fuite de vos donn\u00e9es personnelles, nous nous engageons \u00e0 vous en tenir<br \/>\ninform\u00e9 ainsi que la Commission d\u2019Acc\u00e8s \u00e0 l\u2019Information du Qu\u00e9bec.<\/p>\n<p>&nbsp;<\/p>\n<h3>8) Droits des utilisateurs<\/h3>\n<p>Si vous \u00eates r\u00e9sident du Qu\u00e9bec, conform\u00e9ment \u00e0 la loi 25, vous b\u00e9n\u00e9ficiez de droits<br \/>\nsp\u00e9cifiques concernant vos donn\u00e9es personnelles:<\/p>\n<ul>\n<li>Droit d\u2019\u00eatre inform\u00e9<\/li>\n<li>Droit d\u2019acc\u00e8s<\/li>\n<li>Droit \u00e0 la rectification<\/li>\n<li>Droit \u00e0 la portabilit\u00e9 des donn\u00e9es<\/li>\n<\/ul>\n<p>&nbsp;<\/p>\n<p>Vous avez le droit de vous opposer \u00e0 l\u2019utilisation de vos donn\u00e9es et de les retirer. Pour<br \/>\nexercer ces droits, vous pouvez rejoindre notre responsable de la protection des<br \/>\ndonn\u00e9es personnelles\u00a0:<\/p>\n<ul>\n<li>Adresse: 1080 rue L\u00e9vis, Terrebonne, Qu\u00e9bec, J6W 4L1<\/li>\n<li>Courriel: <a href=\"mailto:vlangelier@mdlenergie.com\">vlangelier@mdlenergie.com<\/a><\/li>\n<li>T\u00e9l\u00e9phone: <a href=\"tel: 5143222220\">514-322-2220<\/a><\/li>\n<li>Site web:\u00a0<a href=\"https:\/\/www.mdlenergie.com\">https:\/\/www.mdlenergie.com<\/a><\/li>\n<\/ul>\n<p>&nbsp;<\/p>\n<p><strong>Droit d\u2019acc\u00e8s et de rectification<\/strong><br \/>\nVous pouvez consulter, modifier ou supprimer vos donn\u00e9es. Pour ce faire, utilisez les<br \/>\nm\u00eames coordonn\u00e9es mentionn\u00e9es ci-dessus.<\/p>\n<p><strong>Consentement et retrait<\/strong><br \/>\nVous pouvez visiter notre site sans r\u00e9v\u00e9ler votre identit\u00e9. Cependant, certaines<br \/>\nfonctionnalit\u00e9s n\u00e9cessitent la collecte de donn\u00e9es personnelles. Vous avez toujours le<br \/>\nchoix de ne pas fournir ces informations.<\/p>\n<p><strong>Mineurs<\/strong><br \/>\nLa loi 25 pr\u00e9cise que les personnes de moins de 14 ans sont consid\u00e9r\u00e9es comme des<br \/>\nmineurs aux fins de la collecte de donn\u00e9es. Leurs renseignements personnels ne<br \/>\npourront \u00eatre recueillis aupr\u00e8s de celui-ci\u00a0sans le consentement du titulaire de<br \/>\nl\u2019autorit\u00e9\u00a0parentale ou du tuteur, sauf lorsque cette collecte sera manifestement au<br \/>\nb\u00e9n\u00e9fice de ce mineur.<\/p>\n<p>&nbsp;<\/p>\n<h3>9) Liens externes<\/h3>\n<p>Notre site peut contenir des liens vers d\u2019autres sites internet. Nous ne sommes pas<br \/>\nresponsables de leurs pratiques de confidentialit\u00e9.<\/p>\n<p>&nbsp;<\/p>\n<h3>10) Mise \u00e0 jour de notre politique de confidentialit\u00e9<\/h3>\n<p>Notre politique de confidentialit\u00e9 a \u00e9t\u00e9 mise \u00e0 jour le 02\/05\/2024.<br \/>\nPour toute question relative \u00e0 cette politique de confidentialit\u00e9, vous pouvez nous<br \/>\ncontacter via cette adresse courriel: <a href=\"mailto:vlangelier@mdlenergie.com\">vlangelier@mdlenergie.com<\/a>.<\/p>\n<p>En utilisant notre site\u00a0https:\/\/www.mdlenergie.com, vous acceptez les termes de cette<br \/>\npolitique de confidentialit\u00e9.<\/p>\n\t\t\t\t\t\t<\/div>\n\t\t\t\t<\/div>\n\t\t\t\t\t<\/div>\n\t\t\t\t<\/div>\n\t\t\t\t<\/div>","protected":false},"excerpt":{"rendered":"","protected":false},"author":1,"featured_media":0,"parent":0,"menu_order":6,"comment_status":"closed","ping_status":"closed","template":"","meta":{"_acf_changed":false,"inline_featured_image":false,"footnotes":""},"class_list":["post-3","page","type-page","status-publish","hentry"],"acf":[],"_links":{"self":[{"href":"https:\/\/mdl.digitalwork.cloud\/en\/wp-json\/wp\/v2\/pages\/3","targetHints":{"allow":["GET"]}}],"collection":[{"href":"https:\/\/mdl.digitalwork.cloud\/en\/wp-json\/wp\/v2\/pages"}],"about":[{"href":"https:\/\/mdl.digitalwork.cloud\/en\/wp-json\/wp\/v2\/types\/page"}],"author":[{"embeddable":true,"href":"https:\/\/mdl.digitalwork.cloud\/en\/wp-json\/wp\/v2\/users\/1"}],"replies":[{"embeddable":true,"href":"https:\/\/mdl.digitalwork.cloud\/en\/wp-json\/wp\/v2\/comments?post=3"}],"version-history":[{"count":32,"href":"https:\/\/mdl.digitalwork.cloud\/en\/wp-json\/wp\/v2\/pages\/3\/revisions"}],"predecessor-version":[{"id":2951,"href":"https:\/\/mdl.digitalwork.cloud\/en\/wp-json\/wp\/v2\/pages\/3\/revisions\/2951"}],"wp:attachment":[{"href":"https:\/\/mdl.digitalwork.cloud\/en\/wp-json\/wp\/v2\/media?parent=3"}],"curies":[{"name":"wp","href":"https:\/\/api.w.org\/{rel}","templated":true}]}}